{"id":32,"date":"2025-01-31T08:17:17","date_gmt":"2025-01-31T14:17:17","guid":{"rendered":"https:\/\/pe.artereciclada.com.br\/?page_id=32"},"modified":"2025-03-18T14:12:46","modified_gmt":"2025-03-18T19:12:46","slug":"sobre-nosotros","status":"publish","type":"page","link":"https:\/\/pe.artereciclada.com.br\/es\/sobre-nosotros\/","title":{"rendered":"Sobre Nosotros"},"content":{"rendered":"<p>Bienvenidos a <em>Pe Arte<\/em>, el lugar donde la moda se encuentra con la sostenibilidad. Nuestro blog nace con la misi\u00f3n de inspirar a todas las personas que buscan hacer de la moda una expresi\u00f3n personal y consciente. En <em>Pe Arte<\/em>, creemos que cada prenda puede ser una obra de arte y, a trav\u00e9s de la moda reciclada, podemos contribuir a un mundo m\u00e1s sostenible.<\/p>\n\n\n\n<p>Exploramos tendencias, damos consejos sobre estilo y compartimos ideas creativas para renovar tu guardarropa sin dejar de lado el respeto por el medio ambiente. Desde el upcycling hasta las \u00faltimas tendencias en moda consciente, nuestro contenido est\u00e1 dise\u00f1ado para aquellos que buscan ser originales y responsables con sus elecciones.<\/p>\n\n\n\n<p>Nuestra visi\u00f3n es ofrecer a nuestras lectoras y lectores las mejores ideas sobre c\u00f3mo incorporar la moda reciclada en su d\u00eda a d\u00eda, sin sacrificar estilo ni confort. Si eres amante de la moda y de la sostenibilidad, <em>Pe Arte<\/em> es tu lugar.<\/p>\n\n\n\n<p>Para consultas o colaboraciones, no dudes en contactarnos a trav\u00e9s del correo electr\u00f3nico: <a>contato@artereciclada.com.br<\/a>.<\/p>\n\n\n\n<p>Gracias por formar parte de nuestra comunidad.<\/p>\n\n\n\n<p><strong>Fecha: 18 de marzo de 2025<\/strong><\/p>","protected":false},"excerpt":{"rendered":"<p>Bienvenidos a Pe Arte, el lugar donde la moda se encuentra con la sostenibilidad. Nuestro blog nace con la misi\u00f3n de inspirar a todas las personas que buscan hacer de la moda una expresi\u00f3n personal y consciente. En Pe Arte, creemos que cada prenda puede ser una obra de arte y, a trav\u00e9s de la [&hellip;]<\/p>\n","protected":false},"author":1,"featured_media":0,"parent":0,"menu_order":0,"comment_status":"closed","ping_status":"closed","template":"","meta":{"footnotes":""},"class_list":["post-32","page","type-page","status-publish","hentry"],"blocksy_meta":[],"_links":{"self":[{"href":"https:\/\/pe.artereciclada.com.br\/es\/wp-json\/wp\/v2\/pages\/32","targetHints":{"allow":["GET"]}}],"collection":[{"href":"https:\/\/pe.artereciclada.com.br\/es\/wp-json\/wp\/v2\/pages"}],"about":[{"href":"https:\/\/pe.artereciclada.com.br\/es\/wp-json\/wp\/v2\/types\/page"}],"author":[{"embeddable":true,"href":"https:\/\/pe.artereciclada.com.br\/es\/wp-json\/wp\/v2\/users\/1"}],"replies":[{"embeddable":true,"href":"https:\/\/pe.artereciclada.com.br\/es\/wp-json\/wp\/v2\/comments?post=32"}],"version-history":[{"count":2,"href":"https:\/\/pe.artereciclada.com.br\/es\/wp-json\/wp\/v2\/pages\/32\/revisions"}],"predecessor-version":[{"id":160,"href":"https:\/\/pe.artereciclada.com.br\/es\/wp-json\/wp\/v2\/pages\/32\/revisions\/160"}],"wp:attachment":[{"href":"https:\/\/pe.artereciclada.com.br\/es\/wp-json\/wp\/v2\/media?parent=32"}],"curies":[{"name":"wp","href":"https:\/\/api.w.org\/{rel}","templated":true}]}}