{"id":28,"date":"2025-01-31T07:59:31","date_gmt":"2025-01-31T13:59:31","guid":{"rendered":"https:\/\/pe.artereciclada.com.br\/?page_id=28"},"modified":"2025-03-18T14:17:24","modified_gmt":"2025-03-18T19:17:24","slug":"contactanos","status":"publish","type":"page","link":"https:\/\/pe.artereciclada.com.br\/it\/contactanos\/","title":{"rendered":"Cont\u00e1ctanos"},"content":{"rendered":"<p>\u00a1Nos encantar\u00eda saber de ti! En <em>Pe Arte<\/em>, valoramos la interacci\u00f3n con nuestra comunidad y estamos aqu\u00ed para ayudarte. Si tienes alguna pregunta, sugerencia o inquietud, no dudes en ponerte en contacto con nosotros.<\/p>\n\n\n\n<p>Puedes enviarnos un mensaje a trav\u00e9s de nuestro correo electr\u00f3nico:<br><a>contato@artereciclada.com.br<\/a><\/p>\n\n\n\n<p>Adem\u00e1s, si est\u00e1s interesado en colaborar con nosotros, participar en proyectos o simplemente compartir tus ideas, estaremos encantados de escuchar tus propuestas.<\/p>\n\n\n\n<p>Gracias por formar parte de <em>Pe Arte<\/em>.<\/p>\n\n\n\n<p><\/p>","protected":false},"excerpt":{"rendered":"<p>\u00a1Nos encantar\u00eda saber de ti! En Pe Arte, valoramos la interacci\u00f3n con nuestra comunidad y estamos aqu\u00ed para ayudarte. Si tienes alguna pregunta, sugerencia o inquietud, no dudes en ponerte en contacto con nosotros. Puedes enviarnos un mensaje a trav\u00e9s de nuestro correo electr\u00f3nico:contato@artereciclada.com.br Adem\u00e1s, si est\u00e1s interesado en colaborar con nosotros, participar en proyectos [&hellip;]<\/p>\n","protected":false},"author":1,"featured_media":0,"parent":0,"menu_order":0,"comment_status":"closed","ping_status":"closed","template":"","meta":{"footnotes":""},"class_list":["post-28","page","type-page","status-publish","hentry"],"blocksy_meta":[],"_links":{"self":[{"href":"https:\/\/pe.artereciclada.com.br\/it\/wp-json\/wp\/v2\/pages\/28","targetHints":{"allow":["GET"]}}],"collection":[{"href":"https:\/\/pe.artereciclada.com.br\/it\/wp-json\/wp\/v2\/pages"}],"about":[{"href":"https:\/\/pe.artereciclada.com.br\/it\/wp-json\/wp\/v2\/types\/page"}],"author":[{"embeddable":true,"href":"https:\/\/pe.artereciclada.com.br\/it\/wp-json\/wp\/v2\/users\/1"}],"replies":[{"embeddable":true,"href":"https:\/\/pe.artereciclada.com.br\/it\/wp-json\/wp\/v2\/comments?post=28"}],"version-history":[{"count":2,"href":"https:\/\/pe.artereciclada.com.br\/it\/wp-json\/wp\/v2\/pages\/28\/revisions"}],"predecessor-version":[{"id":161,"href":"https:\/\/pe.artereciclada.com.br\/it\/wp-json\/wp\/v2\/pages\/28\/revisions\/161"}],"wp:attachment":[{"href":"https:\/\/pe.artereciclada.com.br\/it\/wp-json\/wp\/v2\/media?parent=28"}],"curies":[{"name":"wp","href":"https:\/\/api.w.org\/{rel}","templated":true}]}}