{"id":30,"date":"2025-01-31T08:02:13","date_gmt":"2025-01-31T14:02:13","guid":{"rendered":"https:\/\/pe.artereciclada.com.br\/?page_id=30"},"modified":"2025-03-18T14:37:47","modified_gmt":"2025-03-18T19:37:47","slug":"cookie-policy","status":"publish","type":"page","link":"https:\/\/pe.artereciclada.com.br\/it\/cookie-policy\/","title":{"rendered":"Pol\u00edtica de Cookies"},"content":{"rendered":"<p>Bienvenido a <strong>Pe Arte<\/strong>! Esta Pol\u00edtica de Cookies describe c\u00f3mo <strong>Pe Arte<\/strong> (&#8220;nosotros&#8221;, &#8220;nuestro&#8221; o &#8220;nos&#8221;) utiliza cookies y tecnolog\u00edas similares en el sitio web <a href=\"https:\/\/pe.artereciclada.com.br\/it\/\">pe.artereciclada.com.br<\/a> (en adelante denominado &#8220;Sitio&#8221;). Estamos comprometidos a proteger su privacidad y garantizar la transparencia sobre el uso de cookies, de acuerdo con la Ley General de Protecci\u00f3n de Datos (LGPD &#8211; Ley No. 13.709\/2018).<\/p>\n\n\n\n<h2 class=\"wp-block-heading\">1. \u00bfQu\u00e9 son las Cookies?<\/h2>\n\n\n\n<p>Las cookies son peque\u00f1os archivos de texto que se almacenan en su dispositivo (computadora, tablet, tel\u00e9fono inteligente) cuando visita un sitio web. Se utilizan ampliamente para hacer que los sitios web funcionen de manera m\u00e1s eficiente, as\u00ed como para proporcionar informaci\u00f3n a los propietarios del sitio.<\/p>\n\n\n\n<h2 class=\"wp-block-heading\">2. C\u00f3mo Usamos las Cookies<\/h2>\n\n\n\n<p>Utilizamos cookies para diversos fines, incluyendo:<\/p>\n\n\n\n<ul class=\"wp-block-list\">\n<li><strong>Autenticaci\u00f3n y Seguridad<\/strong>: Asegurar que tenga acceso seguro al Sitio y sus caracter\u00edsticas.<\/li>\n\n\n\n<li><strong>An\u00e1lisis y Mejora<\/strong>: Entender c\u00f3mo los usuarios interact\u00faan con el Sitio para mejorar su usabilidad y contenido.<\/li>\n\n\n\n<li><strong>Personalizaci\u00f3n<\/strong>: Adaptar el contenido y las ofertas seg\u00fan sus preferencias y comportamientos de navegaci\u00f3n.<\/li>\n\n\n\n<li><strong>Publicidad<\/strong>: Mostrar anuncios relevantes y personalizados, as\u00ed como medir la efectividad de las campa\u00f1as publicitarias.<\/li>\n<\/ul>\n\n\n\n<h2 class=\"wp-block-heading\">3. Tipos de Cookies Utilizadas<\/h2>\n\n\n\n<h3 class=\"wp-block-heading\">3.1 Cookies Esenciales<\/h3>\n\n\n\n<p>Estas cookies son necesarias para el funcionamiento b\u00e1sico del Sitio. Le permiten navegar por el Sitio y utilizar sus caracter\u00edsticas, como el acceso a \u00e1reas seguras. Sin estas cookies, algunos servicios ofrecidos en el Sitio no pueden ser proporcionados.<\/p>\n\n\n\n<p><strong>Ejemplos de Uso:<\/strong><\/p>\n\n\n\n<ul class=\"wp-block-list\">\n<li>Mantener su sesi\u00f3n de inicio activa.<\/li>\n\n\n\n<li>Recordar sus preferencias de idioma.<\/li>\n<\/ul>\n\n\n\n<h3 class=\"wp-block-heading\">3.2 Cookies de Rendimiento<\/h3>\n\n\n\n<p>Las cookies de rendimiento recopilan informaci\u00f3n sobre c\u00f3mo utiliza el Sitio, como las p\u00e1ginas que visita con mayor frecuencia y si recibe mensajes de error de las p\u00e1ginas web. Estas cookies no recopilan informaci\u00f3n que identifique a un visitante. Toda la informaci\u00f3n recopilada por estas cookies es agregada y, por lo tanto, an\u00f3nima. Se utiliza exclusivamente para mejorar el funcionamiento del Sitio.<\/p>\n\n\n\n<p><strong>Ejemplos de Uso:<\/strong><\/p>\n\n\n\n<ul class=\"wp-block-list\">\n<li>Analizar el tr\u00e1fico del Sitio.<\/li>\n\n\n\n<li>Identificar \u00e1reas del Sitio que necesitan mejoras.<\/li>\n<\/ul>\n\n\n\n<h3 class=\"wp-block-heading\">3.3 Cookies de Funcionalidad<\/h3>\n\n\n\n<p>Estas cookies permiten que el Sitio recuerde las elecciones que hace (como su nombre de usuario, idioma o la regi\u00f3n en la que se encuentra) y proporcionar caracter\u00edsticas mejoradas y m\u00e1s personalizadas. Esta informaci\u00f3n puede ser utilizada para recordar sus preferencias en futuras visitas al Sitio.<\/p>\n\n\n\n<p><strong>Ejemplos de Uso:<\/strong><\/p>\n\n\n\n<ul class=\"wp-block-list\">\n<li>Guardar sus preferencias de visualizaci\u00f3n.<\/li>\n\n\n\n<li>Personalizar el contenido mostrado seg\u00fan sus elecciones anteriores.<\/li>\n<\/ul>\n\n\n\n<h3 class=\"wp-block-heading\">3.4 Cookies de Publicidad<\/h3>\n\n\n\n<p>Las cookies de publicidad se utilizan para mostrar anuncios m\u00e1s relevantes para usted y sus intereses. Tambi\u00e9n se utilizan para limitar la cantidad de veces que ve un anuncio y para ayudar a medir la efectividad de las campa\u00f1as publicitarias.<\/p>\n\n\n\n<p><strong>Ejemplos de Uso:<\/strong><\/p>\n\n\n\n<ul class=\"wp-block-list\">\n<li>Mostrar anuncios basados en sus intereses.<\/li>\n\n\n\n<li>Controlar la frecuencia con la que se muestra un anuncio espec\u00edfico.<\/li>\n<\/ul>\n\n\n\n<h2 class=\"wp-block-heading\">4. C\u00f3mo Usamos las Cookies<\/h2>\n\n\n\n<ul class=\"wp-block-list\">\n<li><strong>Autenticaci\u00f3n y Seguridad<\/strong>: Asegurar que tenga acceso seguro al Sitio y sus caracter\u00edsticas.<\/li>\n\n\n\n<li><strong>An\u00e1lisis y Mejora<\/strong>: Entender c\u00f3mo los usuarios interact\u00faan con el Sitio para mejorar su usabilidad y contenido.<\/li>\n\n\n\n<li><strong>Personalizaci\u00f3n<\/strong>: Adaptar el contenido y las ofertas seg\u00fan sus preferencias y comportamientos de navegaci\u00f3n.<\/li>\n\n\n\n<li><strong>Publicidad<\/strong>: Mostrar anuncios relevantes y personalizados, as\u00ed como medir la efectividad de las campa\u00f1as publicitarias.<\/li>\n<\/ul>\n\n\n\n<h2 class=\"wp-block-heading\">5. Gestionar las Cookies<\/h2>\n\n\n\n<p>Los usuarios tienen la libertad de bloquear o deshabilitar cookies de cualquier sitio web, incluido el nuestro, en cualquier momento ajustando la configuraci\u00f3n de su navegador de internet.<\/p>\n\n\n\n<h3 class=\"wp-block-heading\">5.1 C\u00f3mo Bloquear las Cookies<\/h3>\n\n\n\n<p>Aqu\u00ed est\u00e1n los enlaces a las gu\u00edas de ayuda de los principales navegadores, que pueden asistirle con este procedimiento:<\/p>\n\n\n\n<ul class=\"wp-block-list\">\n<li><strong><a href=\"https:\/\/support.microsoft.com\/en-us\/microsoft-edge\/delete-cookies-in-microsoft-edge-63947406-40ac-c3b8-57b9-2a946a29ae09\" target=\"_blank\" rel=\"noopener\">Microsoft Edge<\/a><\/strong><\/li>\n\n\n\n<li><strong><a href=\"https:\/\/support.mozilla.org\/en-US\/kb\/enable-and-disable-cookies-website-preferences\" target=\"_blank\" rel=\"noopener\">Mozilla Firefox<\/a><\/strong><\/li>\n\n\n\n<li><strong><a href=\"https:\/\/support.google.com\/chrome\/answer\/95647?hl=en\" target=\"_blank\" rel=\"noopener\">Google Chrome<\/a><\/strong><\/li>\n\n\n\n<li><strong><a href=\"https:\/\/help.opera.com\/en\/latest\/web-preferences\/#cookies\" target=\"_blank\" rel=\"noopener\">Opera<\/a><\/strong><\/li>\n\n\n\n<li><strong><a href=\"https:\/\/support.apple.com\/guide\/safari\/manage-cookies-and-website-data-sfri11471\/mac\" target=\"_blank\" rel=\"noopener\">Safari<\/a><\/strong><\/li>\n<\/ul>\n\n\n\n<h3 class=\"wp-block-heading\">5.2 Desactivar Publicidad Personalizada<\/h3>\n\n\n\n<p>Si desea desactivar los anuncios personalizados proporcionados por Google, puede cambiar su configuraci\u00f3n en <a href=\"https:\/\/adssettings.google.com\/authenticated\" target=\"_blank\" rel=\"noopener\">Google Ads Settings<\/a>.<\/p>\n\n\n\n<p>Para desactivar la publicidad personalizada de terceros, visite <a href=\"https:\/\/www.aboutads.info\" target=\"_blank\" rel=\"noopener\">www.aboutads.info<\/a>, donde encontrar\u00e1 informaci\u00f3n sobre c\u00f3mo gestionar sus preferencias publicitarias en diferentes plataformas.<\/p>\n\n\n\n<p><strong>Pasos para Desactivar los Anuncios Personalizados:<\/strong><\/p>\n\n\n\n<ol class=\"wp-block-list\">\n<li><strong>En Google:<\/strong>\n<ul class=\"wp-block-list\">\n<li>Vaya a <a href=\"https:\/\/adssettings.google.com\/authenticated\" target=\"_blank\" rel=\"noopener\">Google Ads Settings<\/a>.<\/li>\n\n\n\n<li>Desactive la opci\u00f3n &#8220;Personalizaci\u00f3n de anuncios&#8221;.<\/li>\n<\/ul>\n<\/li>\n\n\n\n<li><strong>Con Terceros:<\/strong>\n<ul class=\"wp-block-list\">\n<li>Visite <a href=\"https:\/\/www.aboutads.info\" target=\"_blank\" rel=\"noopener\">www.aboutads.info<\/a>.<\/li>\n\n\n\n<li>Siga las instrucciones para gestionar sus preferencias publicitarias en diversas plataformas y dispositivos.<\/li>\n<\/ul>\n<\/li>\n<\/ol>\n\n\n\n<h2 class=\"wp-block-heading\">6. Consentimiento<\/h2>\n\n\n\n<p>Al utilizar nuestro Sitio, usted acepta el uso de cookies como se describe en esta Pol\u00edtica de Cookies. Si no est\u00e1 de acuerdo con el uso de ciertos tipos de cookies, puede ajustar la configuraci\u00f3n de cookies seg\u00fan las instrucciones proporcionadas anteriormente. Sin embargo, tenga en cuenta que deshabilitar algunas cookies puede afectar su experiencia en el Sitio y limitar el acceso a ciertas caracter\u00edsticas.<\/p>\n\n\n\n<h2 class=\"wp-block-heading\">7. Actualizaciones de la Pol\u00edtica de Cookies<\/h2>\n\n\n\n<p>Podemos actualizar esta Pol\u00edtica de Cookies de vez en cuando para reflejar cambios en nuestras pr\u00e1cticas o por razones legales. Cuando hagamos cambios, actualizaremos la fecha de &#8220;\u00daltima Actualizaci\u00f3n&#8221; al final de esta pol\u00edtica y publicaremos la versi\u00f3n revisada en el Sitio. Le recomendamos revisar esta Pol\u00edtica de Cookies peri\u00f3dicamente para mantenerse informado sobre c\u00f3mo estamos utilizando las cookies.<\/p>\n\n\n\n<h2 class=\"wp-block-heading\">8. Servicios de Terceros<\/h2>\n\n\n\n<p>Podemos utilizar servicios de terceros para proporcionar funcionalidades adicionales al Sitio, como procesamiento de pagos, an\u00e1lisis de datos y alojamiento de contenido. Estos terceros pueden tener acceso a su informaci\u00f3n personal solo para realizar estas tareas en nuestro nombre y est\u00e1n obligados a proteger dicha informaci\u00f3n de acuerdo con esta Pol\u00edtica de Privacidad y la LGPD.<\/p>\n\n\n\n<h2 class=\"wp-block-heading\">9. Privacidad de los Ni\u00f1os<\/h2>\n\n\n\n<p>Nuestro Sitio no est\u00e1 destinado a ni\u00f1os menores de 18 a\u00f1os. No recopilamos conscientemente informaci\u00f3n personal de ni\u00f1os. Si llegamos a saber que hemos recopilado accidentalmente informaci\u00f3n personal de un ni\u00f1o, tomaremos medidas para eliminar dicha informaci\u00f3n de inmediato.<\/p>\n\n\n\n<h2 class=\"wp-block-heading\">10. Contacto<\/h2>\n\n\n\n<p>Si tiene alguna pregunta sobre esta Pol\u00edtica de Cookies, por favor cont\u00e1ctenos a trav\u00e9s del correo electr\u00f3nico <a href=\"mailto:contato@artereciclada.com.br\">contato@artereciclada.com.br<\/a>.<\/p>\n\n\n\n<hr class=\"wp-block-separator has-alpha-channel-opacity\"\/>\n\n\n\n<p><strong>\u00daltima actualizaci\u00f3n: 18 de marzo de 2025<\/strong><\/p>\n\n\n\n<p><\/p>","protected":false},"excerpt":{"rendered":"<p>Bienvenido a Pe Arte! Esta Pol\u00edtica de Cookies describe c\u00f3mo Pe Arte (&#8220;nosotros&#8221;, &#8220;nuestro&#8221; o &#8220;nos&#8221;) utiliza cookies y tecnolog\u00edas similares en el sitio web pe.artereciclada.com.br (en adelante denominado &#8220;Sitio&#8221;). Estamos comprometidos a proteger su privacidad y garantizar la transparencia sobre el uso de cookies, de acuerdo con la Ley General de Protecci\u00f3n de Datos [&hellip;]<\/p>\n","protected":false},"author":1,"featured_media":17,"parent":0,"menu_order":0,"comment_status":"closed","ping_status":"closed","template":"","meta":{"footnotes":""},"class_list":["post-30","page","type-page","status-publish","has-post-thumbnail","hentry"],"blocksy_meta":[],"_links":{"self":[{"href":"https:\/\/pe.artereciclada.com.br\/it\/wp-json\/wp\/v2\/pages\/30","targetHints":{"allow":["GET"]}}],"collection":[{"href":"https:\/\/pe.artereciclada.com.br\/it\/wp-json\/wp\/v2\/pages"}],"about":[{"href":"https:\/\/pe.artereciclada.com.br\/it\/wp-json\/wp\/v2\/types\/page"}],"author":[{"embeddable":true,"href":"https:\/\/pe.artereciclada.com.br\/it\/wp-json\/wp\/v2\/users\/1"}],"replies":[{"embeddable":true,"href":"https:\/\/pe.artereciclada.com.br\/it\/wp-json\/wp\/v2\/comments?post=30"}],"version-history":[{"count":2,"href":"https:\/\/pe.artereciclada.com.br\/it\/wp-json\/wp\/v2\/pages\/30\/revisions"}],"predecessor-version":[{"id":166,"href":"https:\/\/pe.artereciclada.com.br\/it\/wp-json\/wp\/v2\/pages\/30\/revisions\/166"}],"wp:featuredmedia":[{"embeddable":true,"href":"https:\/\/pe.artereciclada.com.br\/it\/wp-json\/wp\/v2\/media\/17"}],"wp:attachment":[{"href":"https:\/\/pe.artereciclada.com.br\/it\/wp-json\/wp\/v2\/media?parent=30"}],"curies":[{"name":"wp","href":"https:\/\/api.w.org\/{rel}","templated":true}]}}